{"id":100,"date":"2019-05-21T12:11:47","date_gmt":"2019-05-21T12:11:47","guid":{"rendered":"http:\/\/evenwork.eu\/wp\/?page_id=100"},"modified":"2019-05-21T12:19:21","modified_gmt":"2019-05-21T12:19:21","slug":"karrier","status":"publish","type":"page","link":"https:\/\/evenwork.eu\/wp\/?page_id=100","title":{"rendered":"\u00c1ll\u00e1slehet\u0151s\u00e9g"},"content":{"rendered":"\n<h2 id=\"wp-block-themeisle-blocks-advanced-heading-5d26cc61\" class=\"wp-block-themeisle-blocks-advanced-heading wp-block-themeisle-blocks-advanced-heading-5d26cc61\" style=\"color:#000000;font-style:italic;text-transform:none\">F\u00e9nyk\u00e9pes \u00d6n\u00e9letrajzal \u00e9s egy r\u00f6vid bemutatkoz\u00e1ssal az al\u00e1bbi c\u00edmre k\u00fcldje el nek\u00fcnk elektronikus form\u00e1ban.<br><code>evenwork@evenwork.hu<\/code><\/h2>\n\n\n\n<p><\/p>\n","protected":false},"excerpt":{"rendered":"","protected":false},"author":1,"featured_media":0,"parent":0,"menu_order":0,"comment_status":"closed","ping_status":"closed","template":"","meta":{"footnotes":""},"class_list":["post-100","page","type-page","status-publish","hentry"],"_links":{"self":[{"href":"https:\/\/evenwork.eu\/wp\/index.php?rest_route=\/wp\/v2\/pages\/100","targetHints":{"allow":["GET"]}}],"collection":[{"href":"https:\/\/evenwork.eu\/wp\/index.php?rest_route=\/wp\/v2\/pages"}],"about":[{"href":"https:\/\/evenwork.eu\/wp\/index.php?rest_route=\/wp\/v2\/types\/page"}],"author":[{"embeddable":true,"href":"https:\/\/evenwork.eu\/wp\/index.php?rest_route=\/wp\/v2\/users\/1"}],"replies":[{"embeddable":true,"href":"https:\/\/evenwork.eu\/wp\/index.php?rest_route=%2Fwp%2Fv2%2Fcomments&post=100"}],"version-history":[{"count":3,"href":"https:\/\/evenwork.eu\/wp\/index.php?rest_route=\/wp\/v2\/pages\/100\/revisions"}],"predecessor-version":[{"id":105,"href":"https:\/\/evenwork.eu\/wp\/index.php?rest_route=\/wp\/v2\/pages\/100\/revisions\/105"}],"wp:attachment":[{"href":"https:\/\/evenwork.eu\/wp\/index.php?rest_route=%2Fwp%2Fv2%2Fmedia&parent=100"}],"curies":[{"name":"wp","href":"https:\/\/api.w.org\/{rel}","templated":true}]}}