{"id":88,"date":"2019-05-20T17:33:54","date_gmt":"2019-05-20T17:33:54","guid":{"rendered":"http:\/\/evenwork.eu\/wp\/?page_id=88"},"modified":"2019-05-20T17:42:31","modified_gmt":"2019-05-20T17:42:31","slug":"kapcsolatok","status":"publish","type":"page","link":"https:\/\/evenwork.eu\/wp\/?page_id=88","title":{"rendered":"Kapcsolatok"},"content":{"rendered":"\n<h4 class=\"wp-block-heading\">Even-Work Kft.<br>email: puskas@evenwork.hu<br>Telefonsz\u00e1m: +36 30 970 854 0<br>C\u00edm:  <br>1149 Budapest Angol utca 34. f\u00f6ldszint 7. <\/h4>\n\n\n\n<p><\/p>\n","protected":false},"excerpt":{"rendered":"<p>Even-Work Kft.email: puskas@evenwork.huTelefonsz\u00e1m: +36 30 970 854 0C\u00edm: 1149 Budapest Angol utca 34. f\u00f6ldszint 7.<\/p>\n","protected":false},"author":1,"featured_media":0,"parent":9,"menu_order":0,"comment_status":"closed","ping_status":"closed","template":"","meta":{"footnotes":""},"class_list":["post-88","page","type-page","status-publish","hentry"],"_links":{"self":[{"href":"https:\/\/evenwork.eu\/wp\/index.php?rest_route=\/wp\/v2\/pages\/88","targetHints":{"allow":["GET"]}}],"collection":[{"href":"https:\/\/evenwork.eu\/wp\/index.php?rest_route=\/wp\/v2\/pages"}],"about":[{"href":"https:\/\/evenwork.eu\/wp\/index.php?rest_route=\/wp\/v2\/types\/page"}],"author":[{"embeddable":true,"href":"https:\/\/evenwork.eu\/wp\/index.php?rest_route=\/wp\/v2\/users\/1"}],"replies":[{"embeddable":true,"href":"https:\/\/evenwork.eu\/wp\/index.php?rest_route=%2Fwp%2Fv2%2Fcomments&post=88"}],"version-history":[{"count":1,"href":"https:\/\/evenwork.eu\/wp\/index.php?rest_route=\/wp\/v2\/pages\/88\/revisions"}],"predecessor-version":[{"id":89,"href":"https:\/\/evenwork.eu\/wp\/index.php?rest_route=\/wp\/v2\/pages\/88\/revisions\/89"}],"up":[{"embeddable":true,"href":"https:\/\/evenwork.eu\/wp\/index.php?rest_route=\/wp\/v2\/pages\/9"}],"wp:attachment":[{"href":"https:\/\/evenwork.eu\/wp\/index.php?rest_route=%2Fwp%2Fv2%2Fmedia&parent=88"}],"curies":[{"name":"wp","href":"https:\/\/api.w.org\/{rel}","templated":true}]}}