{"id":9,"date":"2019-05-20T11:03:59","date_gmt":"2019-05-20T11:03:59","guid":{"rendered":"http:\/\/evenwork.eu\/wp\/?page_id=9"},"modified":"2019-05-20T11:29:58","modified_gmt":"2019-05-20T11:29:58","slug":"kezdolap","status":"publish","type":"page","link":"https:\/\/evenwork.eu\/wp\/","title":{"rendered":"Even-Work Kft."},"content":{"rendered":"<p>C\u00e9g\u00fcnk 1992 \u00f3ta folyamatosan v\u00e9gez\u00a0 kis \u00e9s nagy takar\u00edt\u00e1sokat, irodah\u00e1zakban, csarnokokban, illetve alpinista szolg\u00e1ltat\u00e1sokat.<\/p>\n\n\n<p><\/p>\n","protected":false},"excerpt":{"rendered":"<p>C\u00e9g\u00fcnk 1992 \u00f3ta folyamatosan v\u00e9gez\u00a0 kis \u00e9s nagy takar\u00edt\u00e1sokat, irodah\u00e1zakban, csarnokokban, illetve alpinista szolg\u00e1ltat\u00e1sokat.<\/p>\n","protected":false},"author":1,"featured_media":0,"parent":0,"menu_order":0,"comment_status":"closed","ping_status":"closed","template":"","meta":{"footnotes":""},"class_list":["post-9","page","type-page","status-publish","hentry"],"_links":{"self":[{"href":"https:\/\/evenwork.eu\/wp\/index.php?rest_route=\/wp\/v2\/pages\/9","targetHints":{"allow":["GET"]}}],"collection":[{"href":"https:\/\/evenwork.eu\/wp\/index.php?rest_route=\/wp\/v2\/pages"}],"about":[{"href":"https:\/\/evenwork.eu\/wp\/index.php?rest_route=\/wp\/v2\/types\/page"}],"author":[{"embeddable":true,"href":"https:\/\/evenwork.eu\/wp\/index.php?rest_route=\/wp\/v2\/users\/1"}],"replies":[{"embeddable":true,"href":"https:\/\/evenwork.eu\/wp\/index.php?rest_route=%2Fwp%2Fv2%2Fcomments&post=9"}],"version-history":[{"count":5,"href":"https:\/\/evenwork.eu\/wp\/index.php?rest_route=\/wp\/v2\/pages\/9\/revisions"}],"predecessor-version":[{"id":91,"href":"https:\/\/evenwork.eu\/wp\/index.php?rest_route=\/wp\/v2\/pages\/9\/revisions\/91"}],"wp:attachment":[{"href":"https:\/\/evenwork.eu\/wp\/index.php?rest_route=%2Fwp%2Fv2%2Fmedia&parent=9"}],"curies":[{"name":"wp","href":"https:\/\/api.w.org\/{rel}","templated":true}]}}